{"id":13512,"date":"2024-07-01T16:18:30","date_gmt":"2024-07-01T14:18:30","guid":{"rendered":"https:\/\/bachhuber-hoteleinrichtungen.de\/project-process-planning\/"},"modified":"2024-08-07T17:01:19","modified_gmt":"2024-08-07T15:01:19","slug":"project-process-planning","status":"publish","type":"page","link":"https:\/\/bachhuber-hoteleinrichtungen.de\/en\/project-process-planning\/","title":{"rendered":"PROJECT PROCESS PLANNING"},"content":{"rendered":"\t\t<div data-elementor-type=\"wp-post\" data-elementor-id=\"13512\" class=\"elementor elementor-13512 elementor-10397\" data-elementor-post-type=\"page\">\n\t\t\t\t\t\t<section class=\"elementor-section elementor-top-section elementor-element elementor-element-7945041 elementor-section-boxed elementor-section-height-default elementor-section-height-default\" data-id=\"7945041\" data-element_type=\"section\" data-e-type=\"section\">\n\t\t\t\t\t\t<div class=\"elementor-container elementor-column-gap-default\">\n\t\t\t\t\t<div class=\"elementor-column elementor-col-100 elementor-top-column elementor-element elementor-element-ea51a4f\" data-id=\"ea51a4f\" data-element_type=\"column\" data-e-type=\"column\">\n\t\t\t<div class=\"elementor-widget-wrap elementor-element-populated\">\n\t\t\t\t\t\t<div class=\"elementor-element elementor-element-891dbaf elementor-widget elementor-widget-spacer\" data-id=\"891dbaf\" data-element_type=\"widget\" data-e-type=\"widget\" data-widget_type=\"spacer.default\">\n\t\t\t\t<div class=\"elementor-widget-container\">\n\t\t\t\t\t\t\t<div class=\"elementor-spacer\">\n\t\t\t<div class=\"elementor-spacer-inner\"><\/div>\n\t\t<\/div>\n\t\t\t\t\t\t<\/div>\n\t\t\t\t<\/div>\n\t\t\t\t<div class=\"elementor-element elementor-element-7e9361f elementor-widget-divider--view-line elementor-widget elementor-widget-divider\" data-id=\"7e9361f\" data-element_type=\"widget\" data-e-type=\"widget\" data-widget_type=\"divider.default\">\n\t\t\t\t<div class=\"elementor-widget-container\">\n\t\t\t\t\t\t\t<div class=\"elementor-divider\">\n\t\t\t<span class=\"elementor-divider-separator\">\n\t\t\t\t\t\t<\/span>\n\t\t<\/div>\n\t\t\t\t\t\t<\/div>\n\t\t\t\t<\/div>\n\t\t\t\t<div class=\"elementor-element elementor-element-708c471 elementor-widget elementor-widget-spacer\" data-id=\"708c471\" data-element_type=\"widget\" data-e-type=\"widget\" data-widget_type=\"spacer.default\">\n\t\t\t\t<div class=\"elementor-widget-container\">\n\t\t\t\t\t\t\t<div class=\"elementor-spacer\">\n\t\t\t<div class=\"elementor-spacer-inner\"><\/div>\n\t\t<\/div>\n\t\t\t\t\t\t<\/div>\n\t\t\t\t<\/div>\n\t\t\t\t\t<\/div>\n\t\t<\/div>\n\t\t\t\t\t<\/div>\n\t\t<\/section>\n\t\t\t\t<section class=\"elementor-section elementor-top-section elementor-element elementor-element-ac96a46 wgl-add-background-text elementor-section-boxed elementor-section-height-default elementor-section-height-default wgl-animation-background-text\" data-id=\"ac96a46\" data-element_type=\"section\" data-e-type=\"section\">\n\t\t\t\t\t\t<div class=\"elementor-container elementor-column-gap-default\">\n\t\t\t\t\t<div class=\"elementor-column elementor-col-100 elementor-top-column elementor-element elementor-element-44c3ba8\" data-id=\"44c3ba8\" data-element_type=\"column\" data-e-type=\"column\">\n\t\t\t<div class=\"elementor-widget-wrap elementor-element-populated\">\n\t\t\t\t\t\t<div class=\"elementor-element elementor-element-be01bec elementor-widget elementor-widget-spacer\" data-id=\"be01bec\" data-element_type=\"widget\" data-e-type=\"widget\" data-widget_type=\"spacer.default\">\n\t\t\t\t<div class=\"elementor-widget-container\">\n\t\t\t\t\t\t\t<div class=\"elementor-spacer\">\n\t\t\t<div class=\"elementor-spacer-inner\"><\/div>\n\t\t<\/div>\n\t\t\t\t\t\t<\/div>\n\t\t\t\t<\/div>\n\t\t\t\t\t<\/div>\n\t\t<\/div>\n\t\t\t\t\t<\/div>\n\t\t<\/section>\n\t\t\t\t<section class=\"elementor-section elementor-top-section elementor-element elementor-element-ab899d3 elementor-section-boxed elementor-section-height-default elementor-section-height-default\" data-id=\"ab899d3\" data-element_type=\"section\" data-e-type=\"section\">\n\t\t\t\t\t\t<div class=\"elementor-container elementor-column-gap-default\">\n\t\t\t\t\t<div class=\"elementor-column elementor-col-100 elementor-top-column elementor-element elementor-element-ef02b95 elementor-hidden-mobile\" data-id=\"ef02b95\" data-element_type=\"column\" data-e-type=\"column\">\n\t\t\t<div class=\"elementor-widget-wrap elementor-element-populated\">\n\t\t\t\t\t\t<div class=\"elementor-element elementor-element-10b6966 elementor-widget elementor-widget-spacer\" data-id=\"10b6966\" data-element_type=\"widget\" data-e-type=\"widget\" data-widget_type=\"spacer.default\">\n\t\t\t\t<div class=\"elementor-widget-container\">\n\t\t\t\t\t\t\t<div class=\"elementor-spacer\">\n\t\t\t<div class=\"elementor-spacer-inner\"><\/div>\n\t\t<\/div>\n\t\t\t\t\t\t<\/div>\n\t\t\t\t<\/div>\n\t\t\t\t\t<\/div>\n\t\t<\/div>\n\t\t\t\t\t<\/div>\n\t\t<\/section>\n\t\t\t\t<section class=\"elementor-section elementor-top-section elementor-element elementor-element-fa0422a projektablauf elementor-section-boxed elementor-section-height-default elementor-section-height-default\" data-id=\"fa0422a\" data-element_type=\"section\" data-e-type=\"section\" id=\"projektablauf\">\n\t\t\t\t\t\t<div class=\"elementor-container elementor-column-gap-default\">\n\t\t\t\t\t<div class=\"elementor-column elementor-col-50 elementor-top-column elementor-element elementor-element-dc874f6\" data-id=\"dc874f6\" data-element_type=\"column\" data-e-type=\"column\">\n\t\t\t<div class=\"elementor-widget-wrap\">\n\t\t\t\t\t\t\t<\/div>\n\t\t<\/div>\n\t\t\t\t<div class=\"elementor-column elementor-col-50 elementor-top-column elementor-element elementor-element-a97dac2\" data-id=\"a97dac2\" data-element_type=\"column\" data-e-type=\"column\">\n\t\t\t<div class=\"elementor-widget-wrap elementor-element-populated\">\n\t\t\t\t\t\t<div class=\"elementor-element elementor-element-dabc6f3 elementor-hidden-mobile elementor-widget elementor-widget-spacer\" data-id=\"dabc6f3\" data-element_type=\"widget\" data-e-type=\"widget\" data-widget_type=\"spacer.default\">\n\t\t\t\t<div class=\"elementor-widget-container\">\n\t\t\t\t\t\t\t<div class=\"elementor-spacer\">\n\t\t\t<div class=\"elementor-spacer-inner\"><\/div>\n\t\t<\/div>\n\t\t\t\t\t\t<\/div>\n\t\t\t\t<\/div>\n\t\t\t\t<div class=\"elementor-element elementor-element-203aa4b elementor-widget elementor-widget-menu-anchor\" data-id=\"203aa4b\" data-element_type=\"widget\" data-e-type=\"widget\" data-widget_type=\"menu-anchor.default\">\n\t\t\t\t<div class=\"elementor-widget-container\">\n\t\t\t\t\t\t\t<div class=\"elementor-menu-anchor\" id=\"projectprocess\"><\/div>\n\t\t\t\t\t\t<\/div>\n\t\t\t\t<\/div>\n\t\t\t\t<div class=\"elementor-element elementor-element-a2fff6b elementor-widget elementor-widget-spacer\" data-id=\"a2fff6b\" data-element_type=\"widget\" data-e-type=\"widget\" data-widget_type=\"spacer.default\">\n\t\t\t\t<div class=\"elementor-widget-container\">\n\t\t\t\t\t\t\t<div class=\"elementor-spacer\">\n\t\t\t<div class=\"elementor-spacer-inner\"><\/div>\n\t\t<\/div>\n\t\t\t\t\t\t<\/div>\n\t\t\t\t<\/div>\n\t\t\t\t<div class=\"elementor-element elementor-element-20c399b elementor-widget elementor-widget-wgl-tabs\" data-id=\"20c399b\" data-element_type=\"widget\" data-e-type=\"widget\" data-widget_type=\"wgl-tabs.default\">\n\t\t\t\t<div class=\"elementor-widget-container\">\n\t\t\t\t\t        <div class=\"wgl-tabs tabs_align-center   icon_position-top  \">\r\n\r\n            <div class=\"wgl-tabs_headings\">                    <h4 data-tab-id=\"wgl-tab_3431\" class=\"wgl-tabs_header\">\r\n                        <span class=\"wgl-tabs_title\">PLANUNG<\/span>\r\n\r\n                        \r\n                    <\/h4>\r\n\r\n                                    <h4 data-tab-id=\"wgl-tab_3432\" class=\"wgl-tabs_header\">\r\n                        <span class=\"wgl-tabs_title\">PROJEKTMANAGEMENT<\/span>\r\n\r\n                        \r\n                    <\/h4>\r\n\r\n                                    <h4 data-tab-id=\"wgl-tab_3433\" class=\"wgl-tabs_header\">\r\n                        <span class=\"wgl-tabs_title\">PRODUKTION<\/span>\r\n\r\n                        \r\n                    <\/h4>\r\n\r\n                                    <h4 data-tab-id=\"wgl-tab_3434\" class=\"wgl-tabs_header\">\r\n                        <span class=\"wgl-tabs_title\">BERATUNG<\/span>\r\n\r\n                        \r\n                    <\/h4>\r\n\r\n                            <\/div>\r\n\r\n            <div class=\"wgl-tabs_content-wrap\">                    <div data-tab-id=\"wgl-tab_3431\" class=\"wgl-tabs_content\">\r\n                    <div class=\"fw-row\"><div id=\"column-65c14d0be501f\" class=\"fw-col-sm-6 tf-sh-bd58ccdf71eb492e3d2bc76beeb9976d\"><div class=\"fw-wrap-col-inner clearfix \"><div class=\"fw-col-inner\"><div class=\"fw-raw-code \"><p style=\"margin-bottom: 13px;\"><span>Zu Beginn jedes Projekts erstellen wir ein fundiertes Entwurfskonzept basierend auf einer umfassenden Grundlagenermittlung durch unseren internationalen Architektenpool. Dabei ber\u00fccksichtigen wir alle relevanten Faktoren und beschreiben den Leistungsumfang, einschlie\u00dflich Ausf\u00fchrungs- und Funktionspl\u00e4nen sowie beh\u00f6rdlicher Vorschriften.<\/span><\/p><p style=\"margin-bottom: 13px;\"><span>Unser Ziel ist es, nachhaltige Wertigkeit und zeitloses Ambiente zu schaffen, indem wir Funktionalit\u00e4t, Design, Atmosph\u00e4re und einem unverwechselbaren Alleinstellungsmerkmal harmonisch kombinieren. Wir pr\u00e4sentieren Grundriss- und Ansichtszeichnungen sowie colorierte perspektivische Skizzen oder Computerbilder, um Ihnen eine genaue Vorstellung Ihres Projekts zu vermitteln. <\/span><\/p><p style=\"margin-bottom: 13px;\"><span>Unsere modernen 3-D Visualisierungen bieten Ihnen ein realistisches Gesamtbild von Farben, Formen und Proportionen, sodass Sie eventuelle Korrekturen vornehmen k\u00f6nnen. Zudem liefern wir Materialcollagen und originale Materialmuster, um Ihnen einen genauen Eindruck von Atmosph\u00e4re und Wertigkeit der Ausstattung zu vermitteln.<\/span><\/p><p><div style=\"width: 1920px;\" class=\"wp-video\"><video class=\"wp-video-shortcode\" id=\"video-13512-1\" width=\"1920\" height=\"1080\" autoplay preload=\"auto\" controls=\"controls\"><source type=\"video\/mp4\" src=\"https:\/\/bachhuber-hoteleinrichtungen.de\/wp-content\/uploads\/2024\/06\/small-Teamwork_03.mp4?_=1\" \/><a href=\"https:\/\/bachhuber-hoteleinrichtungen.de\/wp-content\/uploads\/2024\/06\/small-Teamwork_03.mp4\">https:\/\/bachhuber-hoteleinrichtungen.de\/wp-content\/uploads\/2024\/06\/small-Teamwork_03.mp4<\/a><\/video><\/div><\/p><\/div><\/div><\/div><\/div><\/div>                    <\/div>\r\n\r\n                                    <div data-tab-id=\"wgl-tab_3432\" class=\"wgl-tabs_content\">\r\n                    <p>Um einen strukturierten und reibungslosen Ablauf zu gew\u00e4hrleisten, \u00fcbernehmen wir die Steuerung aller Gewerke und erstellen verbindliche Ausf\u00fchrungs- und Terminpl\u00e4ne. Unsere detaillierten Konstruktionspl\u00e4ne, erstellt von Meistern und Ingenieuren, geben klare Anweisungen f\u00fcr jeden Handwerker und beinhalten alle erforderlichen Informationen f\u00fcr den Bau oder Umbau des Objekts, einschlie\u00dflich Ma\u00dfe, Materialien und technischer Anforderungen wie Brandschutz.<\/p><p>Ein pr\u00e4ziser Bauzeitenplan wird in Zusammenarbeit mit unseren Kunden entwickelt, um verbindliche Zeitfenster festzulegen und eine reibungslose Koordination aller Beteiligten zu gew\u00e4hrleisten. Jedes Projekt wird von einem eigenen Projektleiter betreut, der mit hoher handwerklicher Qualifikation und umfangreicher Erfahrung als pers\u00f6nlicher Ansprechpartner f\u00fcr eine perfekte Abwicklung w\u00e4hrend der gesamten Bauphase fungiert.<\/p><p><div style=\"width: 1920px;\" class=\"wp-video\"><video class=\"wp-video-shortcode\" id=\"video-13512-2\" width=\"1920\" height=\"1080\" autoplay preload=\"auto\" controls=\"controls\"><source type=\"video\/mp4\" src=\"https:\/\/bachhuber-hoteleinrichtungen.de\/wp-content\/uploads\/2024\/06\/med-Projektleitung.mp4?_=2\" \/><a href=\"https:\/\/bachhuber-hoteleinrichtungen.de\/wp-content\/uploads\/2024\/06\/med-Projektleitung.mp4\">https:\/\/bachhuber-hoteleinrichtungen.de\/wp-content\/uploads\/2024\/06\/med-Projektleitung.mp4<\/a><\/video><\/div><\/p>                    <\/div>\r\n\r\n                                    <div data-tab-id=\"wgl-tab_3433\" class=\"wgl-tabs_content\">\r\n                    <p>In unseren eigenen Schreinerbetrieben fertigen erfahrene Facharbeiter Ma\u00dfausbauten und M\u00f6bel auf h\u00f6chstem Niveau, die den hohen Anforderungen im Objektbereich entsprechen. Unsere Schreinermeister, Tischlergesellen und Holztechniker beherrschen ihr Handwerk und praktizieren es mit Leidenschaft, was sich in allen Produkten und Details widerspiegelt. Mit solider Verarbeitung und modernster Technik garantieren wir Wertigkeit und Funktionalit\u00e4t f\u00fcr anspruchsvolle Ausbauten, Serienm\u00f6bel und Einzelst\u00fccke.<\/p><p>Unser Spektrum reicht vom traditionellen Landhausstil bis zu extravaganten Boutique Hotels. Besichtigungen unserer Produktionsbetriebe in Bayern sind m\u00f6glich, um sich von unserem erstklassigen Handwerk zu \u00fcberzeugen. Die Montage vor Ort erfolgt durch qualifizierte Teams, die von einem Montageleiter koordiniert werden. Dieser sorgt f\u00fcr einen schnellen, termingerechten und fachm\u00e4nnischen Ablauf und ist Ihr Ansprechpartner f\u00fcr alle Ausbaubereiche, w\u00e4hrend er Ver\u00e4nderungsw\u00fcnsche direkt weiterleitet.<\/p><p><div style=\"width: 1920px;\" class=\"wp-video\"><video class=\"wp-video-shortcode\" id=\"video-13512-3\" width=\"1920\" height=\"1080\" autoplay preload=\"auto\" controls=\"controls\"><source type=\"video\/mp4\" src=\"https:\/\/bachhuber-hoteleinrichtungen.de\/wp-content\/uploads\/2024\/06\/med-Schreinerei_01.mp4?_=3\" \/><a href=\"https:\/\/bachhuber-hoteleinrichtungen.de\/wp-content\/uploads\/2024\/06\/med-Schreinerei_01.mp4\">https:\/\/bachhuber-hoteleinrichtungen.de\/wp-content\/uploads\/2024\/06\/med-Schreinerei_01.mp4<\/a><\/video><\/div><\/p>                    <\/div>\r\n\r\n                                    <div data-tab-id=\"wgl-tab_3434\" class=\"wgl-tabs_content\">\r\n                    <p style=\"margin-bottom: 13px;\"><span>Am Anfang steht oft nur eine Idee oder aber auch schon eine konkrete Projektvorstellung. Gute Beratung und Planung sind entscheidend f\u00fcr den Erfolg. Bachhuber begleitet Sie vom Konzept bis zur Umsetzung Ihres Hotelprojekts mit einem erfahrenen Team aus den Bereichen Projektentwicklung, Architektur und Handwerk. <\/span>Unsere einzigartige Kombination von Fachleuten erm\u00f6glicht ma\u00dfgeschneiderte Leistungen, unterst\u00fctzt durch unsere umfangreiche Erfahrung mit \u00fcber 1.300 realisierten Vorhaben. Gemeinsam mit unseren Kunden entwickeln wir Machbarkeitsstudien, Konzepte und architektonische Entw\u00fcrfe.<\/p><p style=\"margin-bottom: 13px;\"><span> Wir bieten eine kostenlose Erstberatung, um Ihre Bed\u00fcrfnisse zu verstehen und unsere Ideen vorzustellen, bevor wir gemeinsam den n\u00e4chsten Schritt f\u00fcr eine Zusammenarbeit gehen.<\/span><\/p><p><div style=\"width: 1920px;\" class=\"wp-video\"><video class=\"wp-video-shortcode\" id=\"video-13512-4\" width=\"1920\" height=\"1080\" autoplay preload=\"auto\" controls=\"controls\"><source type=\"video\/mp4\" src=\"https:\/\/bachhuber-hoteleinrichtungen.de\/wp-content\/uploads\/2024\/06\/med-Buero-Team_Vor-Ort-Team_02.mp4?_=4\" \/><a href=\"https:\/\/bachhuber-hoteleinrichtungen.de\/wp-content\/uploads\/2024\/06\/med-Buero-Team_Vor-Ort-Team_02.mp4\">https:\/\/bachhuber-hoteleinrichtungen.de\/wp-content\/uploads\/2024\/06\/med-Buero-Team_Vor-Ort-Team_02.mp4<\/a><\/video><\/div><\/p>                    <\/div>\r\n\r\n                            <\/div>\r\n\r\n        <\/div>\r\n        \t\t\t\t<\/div>\n\t\t\t\t<\/div>\n\t\t\t\t\t<\/div>\n\t\t<\/div>\n\t\t\t\t\t<\/div>\n\t\t<\/section>\n\t\t\t\t<section class=\"elementor-section elementor-top-section elementor-element elementor-element-5ad8905 elementor-section-boxed elementor-section-height-default elementor-section-height-default\" data-id=\"5ad8905\" data-element_type=\"section\" data-e-type=\"section\">\n\t\t\t\t\t\t<div class=\"elementor-container elementor-column-gap-default\">\n\t\t\t\t\t<div class=\"elementor-column elementor-col-100 elementor-top-column elementor-element elementor-element-20a7747\" data-id=\"20a7747\" data-element_type=\"column\" data-e-type=\"column\">\n\t\t\t<div class=\"elementor-widget-wrap elementor-element-populated\">\n\t\t\t\t\t\t<div class=\"elementor-element elementor-element-37d8bbb elementor-widget elementor-widget-spacer\" data-id=\"37d8bbb\" data-element_type=\"widget\" data-e-type=\"widget\" data-widget_type=\"spacer.default\">\n\t\t\t\t<div class=\"elementor-widget-container\">\n\t\t\t\t\t\t\t<div class=\"elementor-spacer\">\n\t\t\t<div class=\"elementor-spacer-inner\"><\/div>\n\t\t<\/div>\n\t\t\t\t\t\t<\/div>\n\t\t\t\t<\/div>\n\t\t\t\t\t<\/div>\n\t\t<\/div>\n\t\t\t\t\t<\/div>\n\t\t<\/section>\n\t\t\t\t<section class=\"elementor-section elementor-top-section elementor-element elementor-element-7d78ef7 elementor-section-boxed elementor-section-height-default elementor-section-height-default\" data-id=\"7d78ef7\" data-element_type=\"section\" data-e-type=\"section\">\n\t\t\t\t\t\t<div class=\"elementor-container elementor-column-gap-default\">\n\t\t\t\t\t<div class=\"elementor-column elementor-col-100 elementor-top-column elementor-element elementor-element-2d0a48d\" data-id=\"2d0a48d\" data-element_type=\"column\" data-e-type=\"column\">\n\t\t\t<div class=\"elementor-widget-wrap elementor-element-populated\">\n\t\t\t\t\t\t<div class=\"elementor-element elementor-element-19fdc01 elementor-widget elementor-widget-spacer\" data-id=\"19fdc01\" data-element_type=\"widget\" data-e-type=\"widget\" data-widget_type=\"spacer.default\">\n\t\t\t\t<div class=\"elementor-widget-container\">\n\t\t\t\t\t\t\t<div class=\"elementor-spacer\">\n\t\t\t<div class=\"elementor-spacer-inner\"><\/div>\n\t\t<\/div>\n\t\t\t\t\t\t<\/div>\n\t\t\t\t<\/div>\n\t\t\t\t\t<\/div>\n\t\t<\/div>\n\t\t\t\t\t<\/div>\n\t\t<\/section>\n\t\t\t\t<section class=\"elementor-section elementor-top-section elementor-element elementor-element-63ad799 elementor-section-boxed elementor-section-height-default elementor-section-height-default\" data-id=\"63ad799\" data-element_type=\"section\" data-e-type=\"section\">\n\t\t\t\t\t\t<div class=\"elementor-container elementor-column-gap-default\">\n\t\t\t\t\t<div class=\"elementor-column elementor-col-100 elementor-top-column elementor-element elementor-element-ef5ce43\" data-id=\"ef5ce43\" data-element_type=\"column\" data-e-type=\"column\">\n\t\t\t<div class=\"elementor-widget-wrap elementor-element-populated\">\n\t\t\t\t\t\t<div class=\"elementor-element elementor-element-e0641ee elementor-widget-divider--view-line elementor-widget elementor-widget-divider\" data-id=\"e0641ee\" data-element_type=\"widget\" data-e-type=\"widget\" data-widget_type=\"divider.default\">\n\t\t\t\t<div class=\"elementor-widget-container\">\n\t\t\t\t\t\t\t<div class=\"elementor-divider\">\n\t\t\t<span class=\"elementor-divider-separator\">\n\t\t\t\t\t\t<\/span>\n\t\t<\/div>\n\t\t\t\t\t\t<\/div>\n\t\t\t\t<\/div>\n\t\t\t\t<div class=\"elementor-element elementor-element-39fcd7e elementor-widget elementor-widget-spacer\" data-id=\"39fcd7e\" data-element_type=\"widget\" data-e-type=\"widget\" data-widget_type=\"spacer.default\">\n\t\t\t\t<div class=\"elementor-widget-container\">\n\t\t\t\t\t\t\t<div class=\"elementor-spacer\">\n\t\t\t<div class=\"elementor-spacer-inner\"><\/div>\n\t\t<\/div>\n\t\t\t\t\t\t<\/div>\n\t\t\t\t<\/div>\n\t\t\t\t\t<\/div>\n\t\t<\/div>\n\t\t\t\t\t<\/div>\n\t\t<\/section>\n\t\t\t\t<\/div>\n\t\t","protected":false},"excerpt":{"rendered":"","protected":false},"author":4,"featured_media":0,"parent":0,"menu_order":0,"comment_status":"closed","ping_status":"closed","template":"","meta":{"footnotes":""},"class_list":["post-13512","page","type-page","status-publish","hentry"],"aioseo_notices":[],"_links":{"self":[{"href":"https:\/\/bachhuber-hoteleinrichtungen.de\/en\/wp-json\/wp\/v2\/pages\/13512","targetHints":{"allow":["GET"]}}],"collection":[{"href":"https:\/\/bachhuber-hoteleinrichtungen.de\/en\/wp-json\/wp\/v2\/pages"}],"about":[{"href":"https:\/\/bachhuber-hoteleinrichtungen.de\/en\/wp-json\/wp\/v2\/types\/page"}],"author":[{"embeddable":true,"href":"https:\/\/bachhuber-hoteleinrichtungen.de\/en\/wp-json\/wp\/v2\/users\/4"}],"replies":[{"embeddable":true,"href":"https:\/\/bachhuber-hoteleinrichtungen.de\/en\/wp-json\/wp\/v2\/comments?post=13512"}],"version-history":[{"count":2,"href":"https:\/\/bachhuber-hoteleinrichtungen.de\/en\/wp-json\/wp\/v2\/pages\/13512\/revisions"}],"predecessor-version":[{"id":13514,"href":"https:\/\/bachhuber-hoteleinrichtungen.de\/en\/wp-json\/wp\/v2\/pages\/13512\/revisions\/13514"}],"wp:attachment":[{"href":"https:\/\/bachhuber-hoteleinrichtungen.de\/en\/wp-json\/wp\/v2\/media?parent=13512"}],"curies":[{"name":"wp","href":"https:\/\/api.w.org\/{rel}","templated":true}]}}